{"id":3004,"date":"2025-01-06T07:28:15","date_gmt":"2025-01-06T12:28:15","guid":{"rendered":"https:\/\/cmf-inc.ca\/?post_type=product&#038;p=3004"},"modified":"2025-01-08T09:10:46","modified_gmt":"2025-01-08T14:10:46","slug":"f-355","status":"publish","type":"product","link":"https:\/\/cmf-inc.ca\/en\/product\/f-355\/","title":{"rendered":"F- 355"},"content":{"rendered":"","protected":false},"excerpt":{"rendered":"<p>School desk with perforated metal box<br \/>\nTable top in melamine or laminate with PVC edge<br \/>\nSteel structure 1\u00bc\u2033 square tubing 16 GA<br \/>\nPivoting levellers<br \/>\nWidth 30\u2033<br \/>\nDepth 20\u2033 - 24\u2033<br \/>\nTotal height 30\u2033<\/p>","protected":false},"featured_media":2922,"comment_status":"closed","ping_status":"closed","template":"","meta":[],"product_brand":[],"product_cat":[81,80],"product_tag":[86,85],"class_list":{"0":"post-3004","1":"product","2":"type-product","3":"status-publish","4":"has-post-thumbnail","6":"product_cat-pupitres","7":"product_cat-pupitres-et-bureaux","8":"product_tag-collection-2025","9":"product_tag-ecole","11":"first","12":"instock","13":"shipping-taxable","14":"product-type-simple"},"yoast_head":"<!-- This site is optimized with the Yoast SEO plugin v27.4 - https:\/\/yoast.com\/product\/yoast-seo-wordpress\/ -->\n<title>F- 355 - Mobilier | Canadian Metal Fashion Inc. | Compagnie Canadienne de M\u00e9tal Forg\u00e9 inc.<\/title>\n<meta name=\"robots\" content=\"index, follow, max-snippet:-1, max-image-preview:large, max-video-preview:-1\" \/>\n<link rel=\"canonical\" href=\"https:\/\/cmf-inc.ca\/en\/product\/f-355\/\" \/>\n<meta property=\"og:locale\" content=\"en_US\" \/>\n<meta property=\"og:type\" content=\"article\" \/>\n<meta property=\"og:title\" content=\"F- 355 - Mobilier | Canadian Metal Fashion Inc. | Compagnie Canadienne de M\u00e9tal Forg\u00e9 inc.\" \/>\n<meta property=\"og:description\" content=\"Pupitre d\u2019\u00e9cole avec bo\u00eetier en m\u00e9tal perfor\u00e9 Dessus de table m\u00e9lamine ou stratifi\u00e9 avec contour en PVC Structure en acier tube 1\u00bc\u2033 carr\u00e9 16 GA Niveleurs pivotants Largeur 30&quot; Profondeur 20&quot; - 24&quot; Hauteur totale 30&quot;\" \/>\n<meta property=\"og:url\" content=\"https:\/\/cmf-inc.ca\/en\/product\/f-355\/\" \/>\n<meta property=\"og:site_name\" content=\"Mobilier | Canadian Metal Fashion Inc. | Compagnie Canadienne de M\u00e9tal Forg\u00e9 inc.\" \/>\n<meta property=\"article:modified_time\" content=\"2025-01-08T14:10:46+00:00\" \/>\n<meta property=\"og:image\" content=\"https:\/\/cmf-inc.ca\/wp-content\/uploads\/2025\/01\/pupitres-ecole-f-355.webp\" \/>\n\t<meta property=\"og:image:width\" content=\"1000\" \/>\n\t<meta property=\"og:image:height\" content=\"700\" \/>\n\t<meta property=\"og:image:type\" content=\"image\/webp\" \/>\n<meta name=\"twitter:card\" content=\"summary_large_image\" \/>\n<meta name=\"twitter:label1\" content=\"Est. reading time\" \/>\n\t<meta name=\"twitter:data1\" content=\"1 minute\" \/>\n<script type=\"application\/ld+json\" class=\"yoast-schema-graph\">{\"@context\":\"https:\\\/\\\/schema.org\",\"@graph\":[{\"@type\":\"WebPage\",\"@id\":\"https:\\\/\\\/cmf-inc.ca\\\/produit\\\/f-355\\\/\",\"url\":\"https:\\\/\\\/cmf-inc.ca\\\/produit\\\/f-355\\\/\",\"name\":\"F- 355 - Mobilier | Canadian Metal Fashion Inc. | Compagnie Canadienne de M\u00e9tal Forg\u00e9 inc.\",\"isPartOf\":{\"@id\":\"https:\\\/\\\/cmf-inc.ca\\\/#website\"},\"primaryImageOfPage\":{\"@id\":\"https:\\\/\\\/cmf-inc.ca\\\/produit\\\/f-355\\\/#primaryimage\"},\"image\":{\"@id\":\"https:\\\/\\\/cmf-inc.ca\\\/produit\\\/f-355\\\/#primaryimage\"},\"thumbnailUrl\":\"https:\\\/\\\/cmf-inc.ca\\\/wp-content\\\/uploads\\\/2025\\\/01\\\/pupitres-ecole-f-355.webp\",\"datePublished\":\"2025-01-06T12:28:15+00:00\",\"dateModified\":\"2025-01-08T14:10:46+00:00\",\"breadcrumb\":{\"@id\":\"https:\\\/\\\/cmf-inc.ca\\\/produit\\\/f-355\\\/#breadcrumb\"},\"inLanguage\":\"en-CA\",\"potentialAction\":[{\"@type\":\"ReadAction\",\"target\":[\"https:\\\/\\\/cmf-inc.ca\\\/produit\\\/f-355\\\/\"]}]},{\"@type\":\"ImageObject\",\"inLanguage\":\"en-CA\",\"@id\":\"https:\\\/\\\/cmf-inc.ca\\\/produit\\\/f-355\\\/#primaryimage\",\"url\":\"https:\\\/\\\/cmf-inc.ca\\\/wp-content\\\/uploads\\\/2025\\\/01\\\/pupitres-ecole-f-355.webp\",\"contentUrl\":\"https:\\\/\\\/cmf-inc.ca\\\/wp-content\\\/uploads\\\/2025\\\/01\\\/pupitres-ecole-f-355.webp\",\"width\":1000,\"height\":700},{\"@type\":\"BreadcrumbList\",\"@id\":\"https:\\\/\\\/cmf-inc.ca\\\/produit\\\/f-355\\\/#breadcrumb\",\"itemListElement\":[{\"@type\":\"ListItem\",\"position\":1,\"name\":\"Accueil\",\"item\":\"https:\\\/\\\/cmf-inc.ca\\\/\"},{\"@type\":\"ListItem\",\"position\":2,\"name\":\"Boutique\",\"item\":\"http:\\\/\\\/cmf-inc.ca\\\/en\\\/boutique\\\/\"},{\"@type\":\"ListItem\",\"position\":3,\"name\":\"F- 355\"}]},{\"@type\":\"WebSite\",\"@id\":\"https:\\\/\\\/cmf-inc.ca\\\/#website\",\"url\":\"https:\\\/\\\/cmf-inc.ca\\\/\",\"name\":\"Mobilier | Canadian Metal Fashion Inc. | Compagnie Canadienne de M\u00e9tal Forg\u00e9 inc.\",\"description\":\"R\u00e9sidence | H\u00f4tel | Soins de sant\u00e9 | Restaurant | Bureau\",\"publisher\":{\"@id\":\"https:\\\/\\\/cmf-inc.ca\\\/#organization\"},\"potentialAction\":[{\"@type\":\"SearchAction\",\"target\":{\"@type\":\"EntryPoint\",\"urlTemplate\":\"https:\\\/\\\/cmf-inc.ca\\\/?s={search_term_string}\"},\"query-input\":{\"@type\":\"PropertyValueSpecification\",\"valueRequired\":true,\"valueName\":\"search_term_string\"}}],\"inLanguage\":\"en-CA\"},{\"@type\":\"Organization\",\"@id\":\"https:\\\/\\\/cmf-inc.ca\\\/#organization\",\"name\":\"Compagnie Canadienne de M\u00e9tal Forg\u00e9 Inc.\",\"url\":\"https:\\\/\\\/cmf-inc.ca\\\/\",\"logo\":{\"@type\":\"ImageObject\",\"inLanguage\":\"en-CA\",\"@id\":\"https:\\\/\\\/cmf-inc.ca\\\/#\\\/schema\\\/logo\\\/image\\\/\",\"url\":\"https:\\\/\\\/cmf-inc.ca\\\/wp-content\\\/uploads\\\/2021\\\/06\\\/cmf-inc-logo.png\",\"contentUrl\":\"https:\\\/\\\/cmf-inc.ca\\\/wp-content\\\/uploads\\\/2021\\\/06\\\/cmf-inc-logo.png\",\"width\":450,\"height\":139,\"caption\":\"Compagnie Canadienne de M\u00e9tal Forg\u00e9 Inc.\"},\"image\":{\"@id\":\"https:\\\/\\\/cmf-inc.ca\\\/#\\\/schema\\\/logo\\\/image\\\/\"}}]}<\/script>\n<!-- \/ Yoast SEO plugin. -->","yoast_head_json":{"title":"F- 355 - Mobilier | Canadian Metal Fashion Inc. | Compagnie Canadienne de M\u00e9tal Forg\u00e9 inc.","robots":{"index":"index","follow":"follow","max-snippet":"max-snippet:-1","max-image-preview":"max-image-preview:large","max-video-preview":"max-video-preview:-1"},"canonical":"https:\/\/cmf-inc.ca\/en\/product\/f-355\/","og_locale":"en_US","og_type":"article","og_title":"F- 355 - Mobilier | Canadian Metal Fashion Inc. | Compagnie Canadienne de M\u00e9tal Forg\u00e9 inc.","og_description":"Pupitre d\u2019\u00e9cole avec bo\u00eetier en m\u00e9tal perfor\u00e9 Dessus de table m\u00e9lamine ou stratifi\u00e9 avec contour en PVC Structure en acier tube 1\u00bc\u2033 carr\u00e9 16 GA Niveleurs pivotants Largeur 30\" Profondeur 20\" - 24\" Hauteur totale 30\"","og_url":"https:\/\/cmf-inc.ca\/en\/product\/f-355\/","og_site_name":"Mobilier | Canadian Metal Fashion Inc. | Compagnie Canadienne de M\u00e9tal Forg\u00e9 inc.","article_modified_time":"2025-01-08T14:10:46+00:00","og_image":[{"width":1000,"height":700,"url":"https:\/\/cmf-inc.ca\/wp-content\/uploads\/2025\/01\/pupitres-ecole-f-355.webp","type":"image\/webp"}],"twitter_card":"summary_large_image","twitter_misc":{"Est. reading time":"1 minute"},"schema":{"@context":"https:\/\/schema.org","@graph":[{"@type":"WebPage","@id":"https:\/\/cmf-inc.ca\/produit\/f-355\/","url":"https:\/\/cmf-inc.ca\/produit\/f-355\/","name":"F- 355 - Mobilier | Canadian Metal Fashion Inc. | Compagnie Canadienne de M\u00e9tal Forg\u00e9 inc.","isPartOf":{"@id":"https:\/\/cmf-inc.ca\/#website"},"primaryImageOfPage":{"@id":"https:\/\/cmf-inc.ca\/produit\/f-355\/#primaryimage"},"image":{"@id":"https:\/\/cmf-inc.ca\/produit\/f-355\/#primaryimage"},"thumbnailUrl":"https:\/\/cmf-inc.ca\/wp-content\/uploads\/2025\/01\/pupitres-ecole-f-355.webp","datePublished":"2025-01-06T12:28:15+00:00","dateModified":"2025-01-08T14:10:46+00:00","breadcrumb":{"@id":"https:\/\/cmf-inc.ca\/produit\/f-355\/#breadcrumb"},"inLanguage":"en-CA","potentialAction":[{"@type":"ReadAction","target":["https:\/\/cmf-inc.ca\/produit\/f-355\/"]}]},{"@type":"ImageObject","inLanguage":"en-CA","@id":"https:\/\/cmf-inc.ca\/produit\/f-355\/#primaryimage","url":"https:\/\/cmf-inc.ca\/wp-content\/uploads\/2025\/01\/pupitres-ecole-f-355.webp","contentUrl":"https:\/\/cmf-inc.ca\/wp-content\/uploads\/2025\/01\/pupitres-ecole-f-355.webp","width":1000,"height":700},{"@type":"BreadcrumbList","@id":"https:\/\/cmf-inc.ca\/produit\/f-355\/#breadcrumb","itemListElement":[{"@type":"ListItem","position":1,"name":"Accueil","item":"https:\/\/cmf-inc.ca\/"},{"@type":"ListItem","position":2,"name":"Boutique","item":"http:\/\/cmf-inc.ca\/en\/boutique\/"},{"@type":"ListItem","position":3,"name":"F- 355"}]},{"@type":"WebSite","@id":"https:\/\/cmf-inc.ca\/#website","url":"https:\/\/cmf-inc.ca\/","name":"Mobilier | Canadian Metal Fashion Inc. | Compagnie Canadienne de M\u00e9tal Forg\u00e9 inc.","description":"R\u00e9sidence | H\u00f4tel | Soins de sant\u00e9 | Restaurant | Bureau","publisher":{"@id":"https:\/\/cmf-inc.ca\/#organization"},"potentialAction":[{"@type":"SearchAction","target":{"@type":"EntryPoint","urlTemplate":"https:\/\/cmf-inc.ca\/?s={search_term_string}"},"query-input":{"@type":"PropertyValueSpecification","valueRequired":true,"valueName":"search_term_string"}}],"inLanguage":"en-CA"},{"@type":"Organization","@id":"https:\/\/cmf-inc.ca\/#organization","name":"Compagnie Canadienne de M\u00e9tal Forg\u00e9 Inc.","url":"https:\/\/cmf-inc.ca\/","logo":{"@type":"ImageObject","inLanguage":"en-CA","@id":"https:\/\/cmf-inc.ca\/#\/schema\/logo\/image\/","url":"https:\/\/cmf-inc.ca\/wp-content\/uploads\/2021\/06\/cmf-inc-logo.png","contentUrl":"https:\/\/cmf-inc.ca\/wp-content\/uploads\/2021\/06\/cmf-inc-logo.png","width":450,"height":139,"caption":"Compagnie Canadienne de M\u00e9tal Forg\u00e9 Inc."},"image":{"@id":"https:\/\/cmf-inc.ca\/#\/schema\/logo\/image\/"}}]}},"_links":{"self":[{"href":"https:\/\/cmf-inc.ca\/en\/wp-json\/wp\/v2\/product\/3004","targetHints":{"allow":["GET"]}}],"collection":[{"href":"https:\/\/cmf-inc.ca\/en\/wp-json\/wp\/v2\/product"}],"about":[{"href":"https:\/\/cmf-inc.ca\/en\/wp-json\/wp\/v2\/types\/product"}],"replies":[{"embeddable":true,"href":"https:\/\/cmf-inc.ca\/en\/wp-json\/wp\/v2\/comments?post=3004"}],"version-history":[{"count":0,"href":"https:\/\/cmf-inc.ca\/en\/wp-json\/wp\/v2\/product\/3004\/revisions"}],"wp:featuredmedia":[{"embeddable":true,"href":"https:\/\/cmf-inc.ca\/en\/wp-json\/wp\/v2\/media\/2922"}],"wp:attachment":[{"href":"https:\/\/cmf-inc.ca\/en\/wp-json\/wp\/v2\/media?parent=3004"}],"wp:term":[{"taxonomy":"product_brand","embeddable":true,"href":"https:\/\/cmf-inc.ca\/en\/wp-json\/wp\/v2\/product_brand?post=3004"},{"taxonomy":"product_cat","embeddable":true,"href":"https:\/\/cmf-inc.ca\/en\/wp-json\/wp\/v2\/product_cat?post=3004"},{"taxonomy":"product_tag","embeddable":true,"href":"https:\/\/cmf-inc.ca\/en\/wp-json\/wp\/v2\/product_tag?post=3004"}],"curies":[{"name":"wp","href":"https:\/\/api.w.org\/{rel}","templated":true}]}}