{"id":2951,"date":"2025-01-06T06:08:43","date_gmt":"2025-01-06T11:08:43","guid":{"rendered":"https:\/\/cmf-inc.ca\/?post_type=product&#038;p=2951"},"modified":"2025-01-08T09:54:36","modified_gmt":"2025-01-08T14:54:36","slug":"linea","status":"publish","type":"product","link":"https:\/\/cmf-inc.ca\/en\/product\/linea\/","title":{"rendered":"Linea"},"content":{"rendered":"","protected":false},"excerpt":{"rendered":"<p>Structural welded frame with foot rest<br \/>\nSteel tubing 1\u2033 x 2\u2033 16GA<br \/>\nAdjustable glides<br \/>\nSize made to measure<br \/>\nStandard height \u2013 counter height \u2013 bar height 28\u00bc\u2033 \/ 35\u2033 \/ 41\u2033<\/p>","protected":false},"featured_media":2938,"comment_status":"closed","ping_status":"closed","template":"","meta":[],"product_brand":[],"product_cat":[80,83],"product_tag":[50,86,85],"class_list":{"0":"post-2951","1":"product","2":"type-product","3":"status-publish","4":"has-post-thumbnail","6":"product_cat-pupitres-et-bureaux","7":"product_cat-tables-de-travail","8":"product_tag-bureau","9":"product_tag-collection-2025","10":"product_tag-ecole","12":"first","13":"instock","14":"shipping-taxable","15":"product-type-simple"},"yoast_head":"<!-- This site is optimized with the Yoast SEO plugin v27.4 - https:\/\/yoast.com\/product\/yoast-seo-wordpress\/ -->\n<title>Linea - Mobilier | Canadian Metal Fashion Inc. | Compagnie Canadienne de M\u00e9tal Forg\u00e9 inc.<\/title>\n<meta name=\"robots\" content=\"index, follow, max-snippet:-1, max-image-preview:large, max-video-preview:-1\" \/>\n<link rel=\"canonical\" href=\"https:\/\/cmf-inc.ca\/en\/product\/linea\/\" \/>\n<meta property=\"og:locale\" content=\"en_US\" \/>\n<meta property=\"og:type\" content=\"article\" \/>\n<meta property=\"og:title\" content=\"Linea - Mobilier | Canadian Metal Fashion Inc. | Compagnie Canadienne de M\u00e9tal Forg\u00e9 inc.\" \/>\n<meta property=\"og:description\" content=\"Base structurale soud\u00e9e avec appui-pied Structure en acier tube 1\u2033 x 2\u2033 16GA Niveleurs ajustables Grandeur fabriqu\u00e9e sur mesure Hauteur standard - ilot- bar 28\u00bc\u2033 \/ 35\u2033 \/ 41\u2033 de haut\" \/>\n<meta property=\"og:url\" content=\"https:\/\/cmf-inc.ca\/en\/product\/linea\/\" \/>\n<meta property=\"og:site_name\" content=\"Mobilier | Canadian Metal Fashion Inc. | Compagnie Canadienne de M\u00e9tal Forg\u00e9 inc.\" \/>\n<meta property=\"article:modified_time\" content=\"2025-01-08T14:54:36+00:00\" \/>\n<meta property=\"og:image\" content=\"https:\/\/cmf-inc.ca\/wp-content\/uploads\/2025\/01\/tables-linea.webp\" \/>\n\t<meta property=\"og:image:width\" content=\"1000\" \/>\n\t<meta property=\"og:image:height\" content=\"700\" \/>\n\t<meta property=\"og:image:type\" content=\"image\/webp\" \/>\n<meta name=\"twitter:card\" content=\"summary_large_image\" \/>\n<meta name=\"twitter:label1\" content=\"Est. reading time\" \/>\n\t<meta name=\"twitter:data1\" content=\"1 minute\" \/>\n<script type=\"application\/ld+json\" class=\"yoast-schema-graph\">{\"@context\":\"https:\\\/\\\/schema.org\",\"@graph\":[{\"@type\":\"WebPage\",\"@id\":\"https:\\\/\\\/cmf-inc.ca\\\/produit\\\/linea\\\/\",\"url\":\"https:\\\/\\\/cmf-inc.ca\\\/produit\\\/linea\\\/\",\"name\":\"Linea - Mobilier | Canadian Metal Fashion Inc. | Compagnie Canadienne de M\u00e9tal Forg\u00e9 inc.\",\"isPartOf\":{\"@id\":\"https:\\\/\\\/cmf-inc.ca\\\/#website\"},\"primaryImageOfPage\":{\"@id\":\"https:\\\/\\\/cmf-inc.ca\\\/produit\\\/linea\\\/#primaryimage\"},\"image\":{\"@id\":\"https:\\\/\\\/cmf-inc.ca\\\/produit\\\/linea\\\/#primaryimage\"},\"thumbnailUrl\":\"https:\\\/\\\/cmf-inc.ca\\\/wp-content\\\/uploads\\\/2025\\\/01\\\/tables-linea.webp\",\"datePublished\":\"2025-01-06T11:08:43+00:00\",\"dateModified\":\"2025-01-08T14:54:36+00:00\",\"breadcrumb\":{\"@id\":\"https:\\\/\\\/cmf-inc.ca\\\/produit\\\/linea\\\/#breadcrumb\"},\"inLanguage\":\"en-CA\",\"potentialAction\":[{\"@type\":\"ReadAction\",\"target\":[\"https:\\\/\\\/cmf-inc.ca\\\/produit\\\/linea\\\/\"]}]},{\"@type\":\"ImageObject\",\"inLanguage\":\"en-CA\",\"@id\":\"https:\\\/\\\/cmf-inc.ca\\\/produit\\\/linea\\\/#primaryimage\",\"url\":\"https:\\\/\\\/cmf-inc.ca\\\/wp-content\\\/uploads\\\/2025\\\/01\\\/tables-linea.webp\",\"contentUrl\":\"https:\\\/\\\/cmf-inc.ca\\\/wp-content\\\/uploads\\\/2025\\\/01\\\/tables-linea.webp\",\"width\":1000,\"height\":700},{\"@type\":\"BreadcrumbList\",\"@id\":\"https:\\\/\\\/cmf-inc.ca\\\/produit\\\/linea\\\/#breadcrumb\",\"itemListElement\":[{\"@type\":\"ListItem\",\"position\":1,\"name\":\"Accueil\",\"item\":\"https:\\\/\\\/cmf-inc.ca\\\/\"},{\"@type\":\"ListItem\",\"position\":2,\"name\":\"Boutique\",\"item\":\"http:\\\/\\\/cmf-inc.ca\\\/en\\\/boutique\\\/\"},{\"@type\":\"ListItem\",\"position\":3,\"name\":\"Linea\"}]},{\"@type\":\"WebSite\",\"@id\":\"https:\\\/\\\/cmf-inc.ca\\\/#website\",\"url\":\"https:\\\/\\\/cmf-inc.ca\\\/\",\"name\":\"Mobilier | Canadian Metal Fashion Inc. | Compagnie Canadienne de M\u00e9tal Forg\u00e9 inc.\",\"description\":\"R\u00e9sidence | H\u00f4tel | Soins de sant\u00e9 | Restaurant | Bureau\",\"publisher\":{\"@id\":\"https:\\\/\\\/cmf-inc.ca\\\/#organization\"},\"potentialAction\":[{\"@type\":\"SearchAction\",\"target\":{\"@type\":\"EntryPoint\",\"urlTemplate\":\"https:\\\/\\\/cmf-inc.ca\\\/?s={search_term_string}\"},\"query-input\":{\"@type\":\"PropertyValueSpecification\",\"valueRequired\":true,\"valueName\":\"search_term_string\"}}],\"inLanguage\":\"en-CA\"},{\"@type\":\"Organization\",\"@id\":\"https:\\\/\\\/cmf-inc.ca\\\/#organization\",\"name\":\"Compagnie Canadienne de M\u00e9tal Forg\u00e9 Inc.\",\"url\":\"https:\\\/\\\/cmf-inc.ca\\\/\",\"logo\":{\"@type\":\"ImageObject\",\"inLanguage\":\"en-CA\",\"@id\":\"https:\\\/\\\/cmf-inc.ca\\\/#\\\/schema\\\/logo\\\/image\\\/\",\"url\":\"https:\\\/\\\/cmf-inc.ca\\\/wp-content\\\/uploads\\\/2021\\\/06\\\/cmf-inc-logo.png\",\"contentUrl\":\"https:\\\/\\\/cmf-inc.ca\\\/wp-content\\\/uploads\\\/2021\\\/06\\\/cmf-inc-logo.png\",\"width\":450,\"height\":139,\"caption\":\"Compagnie Canadienne de M\u00e9tal Forg\u00e9 Inc.\"},\"image\":{\"@id\":\"https:\\\/\\\/cmf-inc.ca\\\/#\\\/schema\\\/logo\\\/image\\\/\"}}]}<\/script>\n<!-- \/ Yoast SEO plugin. -->","yoast_head_json":{"title":"Linea - Mobilier | Canadian Metal Fashion Inc. | Compagnie Canadienne de M\u00e9tal Forg\u00e9 inc.","robots":{"index":"index","follow":"follow","max-snippet":"max-snippet:-1","max-image-preview":"max-image-preview:large","max-video-preview":"max-video-preview:-1"},"canonical":"https:\/\/cmf-inc.ca\/en\/product\/linea\/","og_locale":"en_US","og_type":"article","og_title":"Linea - Mobilier | Canadian Metal Fashion Inc. | Compagnie Canadienne de M\u00e9tal Forg\u00e9 inc.","og_description":"Base structurale soud\u00e9e avec appui-pied Structure en acier tube 1\u2033 x 2\u2033 16GA Niveleurs ajustables Grandeur fabriqu\u00e9e sur mesure Hauteur standard - ilot- bar 28\u00bc\u2033 \/ 35\u2033 \/ 41\u2033 de haut","og_url":"https:\/\/cmf-inc.ca\/en\/product\/linea\/","og_site_name":"Mobilier | Canadian Metal Fashion Inc. | Compagnie Canadienne de M\u00e9tal Forg\u00e9 inc.","article_modified_time":"2025-01-08T14:54:36+00:00","og_image":[{"width":1000,"height":700,"url":"https:\/\/cmf-inc.ca\/wp-content\/uploads\/2025\/01\/tables-linea.webp","type":"image\/webp"}],"twitter_card":"summary_large_image","twitter_misc":{"Est. reading time":"1 minute"},"schema":{"@context":"https:\/\/schema.org","@graph":[{"@type":"WebPage","@id":"https:\/\/cmf-inc.ca\/produit\/linea\/","url":"https:\/\/cmf-inc.ca\/produit\/linea\/","name":"Linea - Mobilier | Canadian Metal Fashion Inc. | Compagnie Canadienne de M\u00e9tal Forg\u00e9 inc.","isPartOf":{"@id":"https:\/\/cmf-inc.ca\/#website"},"primaryImageOfPage":{"@id":"https:\/\/cmf-inc.ca\/produit\/linea\/#primaryimage"},"image":{"@id":"https:\/\/cmf-inc.ca\/produit\/linea\/#primaryimage"},"thumbnailUrl":"https:\/\/cmf-inc.ca\/wp-content\/uploads\/2025\/01\/tables-linea.webp","datePublished":"2025-01-06T11:08:43+00:00","dateModified":"2025-01-08T14:54:36+00:00","breadcrumb":{"@id":"https:\/\/cmf-inc.ca\/produit\/linea\/#breadcrumb"},"inLanguage":"en-CA","potentialAction":[{"@type":"ReadAction","target":["https:\/\/cmf-inc.ca\/produit\/linea\/"]}]},{"@type":"ImageObject","inLanguage":"en-CA","@id":"https:\/\/cmf-inc.ca\/produit\/linea\/#primaryimage","url":"https:\/\/cmf-inc.ca\/wp-content\/uploads\/2025\/01\/tables-linea.webp","contentUrl":"https:\/\/cmf-inc.ca\/wp-content\/uploads\/2025\/01\/tables-linea.webp","width":1000,"height":700},{"@type":"BreadcrumbList","@id":"https:\/\/cmf-inc.ca\/produit\/linea\/#breadcrumb","itemListElement":[{"@type":"ListItem","position":1,"name":"Accueil","item":"https:\/\/cmf-inc.ca\/"},{"@type":"ListItem","position":2,"name":"Boutique","item":"http:\/\/cmf-inc.ca\/en\/boutique\/"},{"@type":"ListItem","position":3,"name":"Linea"}]},{"@type":"WebSite","@id":"https:\/\/cmf-inc.ca\/#website","url":"https:\/\/cmf-inc.ca\/","name":"Mobilier | Canadian Metal Fashion Inc. | Compagnie Canadienne de M\u00e9tal Forg\u00e9 inc.","description":"R\u00e9sidence | H\u00f4tel | Soins de sant\u00e9 | Restaurant | Bureau","publisher":{"@id":"https:\/\/cmf-inc.ca\/#organization"},"potentialAction":[{"@type":"SearchAction","target":{"@type":"EntryPoint","urlTemplate":"https:\/\/cmf-inc.ca\/?s={search_term_string}"},"query-input":{"@type":"PropertyValueSpecification","valueRequired":true,"valueName":"search_term_string"}}],"inLanguage":"en-CA"},{"@type":"Organization","@id":"https:\/\/cmf-inc.ca\/#organization","name":"Compagnie Canadienne de M\u00e9tal Forg\u00e9 Inc.","url":"https:\/\/cmf-inc.ca\/","logo":{"@type":"ImageObject","inLanguage":"en-CA","@id":"https:\/\/cmf-inc.ca\/#\/schema\/logo\/image\/","url":"https:\/\/cmf-inc.ca\/wp-content\/uploads\/2021\/06\/cmf-inc-logo.png","contentUrl":"https:\/\/cmf-inc.ca\/wp-content\/uploads\/2021\/06\/cmf-inc-logo.png","width":450,"height":139,"caption":"Compagnie Canadienne de M\u00e9tal Forg\u00e9 Inc."},"image":{"@id":"https:\/\/cmf-inc.ca\/#\/schema\/logo\/image\/"}}]}},"_links":{"self":[{"href":"https:\/\/cmf-inc.ca\/en\/wp-json\/wp\/v2\/product\/2951","targetHints":{"allow":["GET"]}}],"collection":[{"href":"https:\/\/cmf-inc.ca\/en\/wp-json\/wp\/v2\/product"}],"about":[{"href":"https:\/\/cmf-inc.ca\/en\/wp-json\/wp\/v2\/types\/product"}],"replies":[{"embeddable":true,"href":"https:\/\/cmf-inc.ca\/en\/wp-json\/wp\/v2\/comments?post=2951"}],"version-history":[{"count":0,"href":"https:\/\/cmf-inc.ca\/en\/wp-json\/wp\/v2\/product\/2951\/revisions"}],"wp:featuredmedia":[{"embeddable":true,"href":"https:\/\/cmf-inc.ca\/en\/wp-json\/wp\/v2\/media\/2938"}],"wp:attachment":[{"href":"https:\/\/cmf-inc.ca\/en\/wp-json\/wp\/v2\/media?parent=2951"}],"wp:term":[{"taxonomy":"product_brand","embeddable":true,"href":"https:\/\/cmf-inc.ca\/en\/wp-json\/wp\/v2\/product_brand?post=2951"},{"taxonomy":"product_cat","embeddable":true,"href":"https:\/\/cmf-inc.ca\/en\/wp-json\/wp\/v2\/product_cat?post=2951"},{"taxonomy":"product_tag","embeddable":true,"href":"https:\/\/cmf-inc.ca\/en\/wp-json\/wp\/v2\/product_tag?post=2951"}],"curies":[{"name":"wp","href":"https:\/\/api.w.org\/{rel}","templated":true}]}}