{"id":2065,"date":"2011-04-27T18:02:30","date_gmt":"2011-04-27T22:02:30","guid":{"rendered":"https:\/\/cmf-inc.ca\/?post_type=product&#038;p=2065"},"modified":"2021-05-12T09:46:23","modified_gmt":"2021-05-12T13:46:23","slug":"266","status":"publish","type":"product","link":"https:\/\/cmf-inc.ca\/en\/product\/266\/","title":{"rendered":"#266"},"content":{"rendered":"","protected":false},"excerpt":{"rendered":"<p class=\"translation-block\">Chair<br>\n\u00be\" diameter tube<br>\nSteel seat<br>\nPlastic caps<br>\nTotal height 35\u00bc\"<\/p>","protected":false},"featured_media":2051,"comment_status":"closed","ping_status":"closed","template":"","meta":[],"product_brand":[],"product_cat":[53,31],"product_tag":[57,47,49],"class_list":{"0":"post-2065","1":"product","2":"type-product","3":"status-publish","4":"has-post-thumbnail","6":"product_cat-assises","7":"product_cat-chaises","8":"product_tag-collection-2011","9":"product_tag-hotel","10":"product_tag-restaurant","12":"first","13":"instock","14":"shipping-taxable","15":"product-type-simple"},"yoast_head":"<!-- This site is optimized with the Yoast SEO plugin v27.4 - https:\/\/yoast.com\/product\/yoast-seo-wordpress\/ -->\n<title>#266 - Mobilier | Canadian Metal Fashion Inc. | Compagnie Canadienne de M\u00e9tal Forg\u00e9 inc.<\/title>\n<meta name=\"robots\" content=\"index, follow, max-snippet:-1, max-image-preview:large, max-video-preview:-1\" \/>\n<link rel=\"canonical\" href=\"https:\/\/cmf-inc.ca\/en\/product\/266\/\" \/>\n<meta property=\"og:locale\" content=\"en_US\" \/>\n<meta property=\"og:type\" content=\"article\" \/>\n<meta property=\"og:title\" content=\"#266 - Mobilier | Canadian Metal Fashion Inc. | Compagnie Canadienne de M\u00e9tal Forg\u00e9 inc.\" \/>\n<meta property=\"og:description\" content=\"Chaise Structure en tube \u00be\u2033 de diam\u00e8tre Si\u00e8ge en acier Sous pattes en plastique Hauteur totale 35\u00bc\u2033\" \/>\n<meta property=\"og:url\" content=\"https:\/\/cmf-inc.ca\/en\/product\/266\/\" \/>\n<meta property=\"og:site_name\" content=\"Mobilier | Canadian Metal Fashion Inc. | Compagnie Canadienne de M\u00e9tal Forg\u00e9 inc.\" \/>\n<meta property=\"article:modified_time\" content=\"2021-05-12T13:46:23+00:00\" \/>\n<meta property=\"og:image\" content=\"https:\/\/cmf-inc.ca\/wp-content\/uploads\/2021\/04\/chaise-266.jpg\" \/>\n\t<meta property=\"og:image:width\" content=\"1000\" \/>\n\t<meta property=\"og:image:height\" content=\"700\" \/>\n\t<meta property=\"og:image:type\" content=\"image\/jpeg\" \/>\n<meta name=\"twitter:card\" content=\"summary_large_image\" \/>\n<script type=\"application\/ld+json\" class=\"yoast-schema-graph\">{\"@context\":\"https:\\\/\\\/schema.org\",\"@graph\":[{\"@type\":\"WebPage\",\"@id\":\"https:\\\/\\\/cmf-inc.ca\\\/produit\\\/266\\\/\",\"url\":\"https:\\\/\\\/cmf-inc.ca\\\/produit\\\/266\\\/\",\"name\":\"#266 - Mobilier | Canadian Metal Fashion Inc. | Compagnie Canadienne de M\u00e9tal Forg\u00e9 inc.\",\"isPartOf\":{\"@id\":\"https:\\\/\\\/cmf-inc.ca\\\/#website\"},\"primaryImageOfPage\":{\"@id\":\"https:\\\/\\\/cmf-inc.ca\\\/produit\\\/266\\\/#primaryimage\"},\"image\":{\"@id\":\"https:\\\/\\\/cmf-inc.ca\\\/produit\\\/266\\\/#primaryimage\"},\"thumbnailUrl\":\"https:\\\/\\\/cmf-inc.ca\\\/wp-content\\\/uploads\\\/2021\\\/04\\\/chaise-266.jpg\",\"datePublished\":\"2011-04-27T22:02:30+00:00\",\"dateModified\":\"2021-05-12T13:46:23+00:00\",\"breadcrumb\":{\"@id\":\"https:\\\/\\\/cmf-inc.ca\\\/produit\\\/266\\\/#breadcrumb\"},\"inLanguage\":\"en-CA\",\"potentialAction\":[{\"@type\":\"ReadAction\",\"target\":[\"https:\\\/\\\/cmf-inc.ca\\\/produit\\\/266\\\/\"]}]},{\"@type\":\"ImageObject\",\"inLanguage\":\"en-CA\",\"@id\":\"https:\\\/\\\/cmf-inc.ca\\\/produit\\\/266\\\/#primaryimage\",\"url\":\"https:\\\/\\\/cmf-inc.ca\\\/wp-content\\\/uploads\\\/2021\\\/04\\\/chaise-266.jpg\",\"contentUrl\":\"https:\\\/\\\/cmf-inc.ca\\\/wp-content\\\/uploads\\\/2021\\\/04\\\/chaise-266.jpg\",\"width\":1000,\"height\":700},{\"@type\":\"BreadcrumbList\",\"@id\":\"https:\\\/\\\/cmf-inc.ca\\\/produit\\\/266\\\/#breadcrumb\",\"itemListElement\":[{\"@type\":\"ListItem\",\"position\":1,\"name\":\"Accueil\",\"item\":\"https:\\\/\\\/cmf-inc.ca\\\/\"},{\"@type\":\"ListItem\",\"position\":2,\"name\":\"Boutique\",\"item\":\"http:\\\/\\\/cmf-inc.ca\\\/en\\\/boutique\\\/\"},{\"@type\":\"ListItem\",\"position\":3,\"name\":\"#266\"}]},{\"@type\":\"WebSite\",\"@id\":\"https:\\\/\\\/cmf-inc.ca\\\/#website\",\"url\":\"https:\\\/\\\/cmf-inc.ca\\\/\",\"name\":\"Mobilier | Canadian Metal Fashion Inc. | Compagnie Canadienne de M\u00e9tal Forg\u00e9 inc.\",\"description\":\"R\u00e9sidence | H\u00f4tel | Soins de sant\u00e9 | Restaurant | Bureau\",\"publisher\":{\"@id\":\"https:\\\/\\\/cmf-inc.ca\\\/#organization\"},\"potentialAction\":[{\"@type\":\"SearchAction\",\"target\":{\"@type\":\"EntryPoint\",\"urlTemplate\":\"https:\\\/\\\/cmf-inc.ca\\\/?s={search_term_string}\"},\"query-input\":{\"@type\":\"PropertyValueSpecification\",\"valueRequired\":true,\"valueName\":\"search_term_string\"}}],\"inLanguage\":\"en-CA\"},{\"@type\":\"Organization\",\"@id\":\"https:\\\/\\\/cmf-inc.ca\\\/#organization\",\"name\":\"Compagnie Canadienne de M\u00e9tal Forg\u00e9 Inc.\",\"url\":\"https:\\\/\\\/cmf-inc.ca\\\/\",\"logo\":{\"@type\":\"ImageObject\",\"inLanguage\":\"en-CA\",\"@id\":\"https:\\\/\\\/cmf-inc.ca\\\/#\\\/schema\\\/logo\\\/image\\\/\",\"url\":\"https:\\\/\\\/cmf-inc.ca\\\/wp-content\\\/uploads\\\/2021\\\/06\\\/cmf-inc-logo.png\",\"contentUrl\":\"https:\\\/\\\/cmf-inc.ca\\\/wp-content\\\/uploads\\\/2021\\\/06\\\/cmf-inc-logo.png\",\"width\":450,\"height\":139,\"caption\":\"Compagnie Canadienne de M\u00e9tal Forg\u00e9 Inc.\"},\"image\":{\"@id\":\"https:\\\/\\\/cmf-inc.ca\\\/#\\\/schema\\\/logo\\\/image\\\/\"}}]}<\/script>\n<!-- \/ Yoast SEO plugin. -->","yoast_head_json":{"title":"#266 - Mobilier | Canadian Metal Fashion Inc. | Compagnie Canadienne de M\u00e9tal Forg\u00e9 inc.","robots":{"index":"index","follow":"follow","max-snippet":"max-snippet:-1","max-image-preview":"max-image-preview:large","max-video-preview":"max-video-preview:-1"},"canonical":"https:\/\/cmf-inc.ca\/en\/product\/266\/","og_locale":"en_US","og_type":"article","og_title":"#266 - Mobilier | Canadian Metal Fashion Inc. | Compagnie Canadienne de M\u00e9tal Forg\u00e9 inc.","og_description":"Chaise Structure en tube \u00be\u2033 de diam\u00e8tre Si\u00e8ge en acier Sous pattes en plastique Hauteur totale 35\u00bc\u2033","og_url":"https:\/\/cmf-inc.ca\/en\/product\/266\/","og_site_name":"Mobilier | Canadian Metal Fashion Inc. | Compagnie Canadienne de M\u00e9tal Forg\u00e9 inc.","article_modified_time":"2021-05-12T13:46:23+00:00","og_image":[{"width":1000,"height":700,"url":"https:\/\/cmf-inc.ca\/wp-content\/uploads\/2021\/04\/chaise-266.jpg","type":"image\/jpeg"}],"twitter_card":"summary_large_image","schema":{"@context":"https:\/\/schema.org","@graph":[{"@type":"WebPage","@id":"https:\/\/cmf-inc.ca\/produit\/266\/","url":"https:\/\/cmf-inc.ca\/produit\/266\/","name":"#266 - Mobilier | Canadian Metal Fashion Inc. | Compagnie Canadienne de M\u00e9tal Forg\u00e9 inc.","isPartOf":{"@id":"https:\/\/cmf-inc.ca\/#website"},"primaryImageOfPage":{"@id":"https:\/\/cmf-inc.ca\/produit\/266\/#primaryimage"},"image":{"@id":"https:\/\/cmf-inc.ca\/produit\/266\/#primaryimage"},"thumbnailUrl":"https:\/\/cmf-inc.ca\/wp-content\/uploads\/2021\/04\/chaise-266.jpg","datePublished":"2011-04-27T22:02:30+00:00","dateModified":"2021-05-12T13:46:23+00:00","breadcrumb":{"@id":"https:\/\/cmf-inc.ca\/produit\/266\/#breadcrumb"},"inLanguage":"en-CA","potentialAction":[{"@type":"ReadAction","target":["https:\/\/cmf-inc.ca\/produit\/266\/"]}]},{"@type":"ImageObject","inLanguage":"en-CA","@id":"https:\/\/cmf-inc.ca\/produit\/266\/#primaryimage","url":"https:\/\/cmf-inc.ca\/wp-content\/uploads\/2021\/04\/chaise-266.jpg","contentUrl":"https:\/\/cmf-inc.ca\/wp-content\/uploads\/2021\/04\/chaise-266.jpg","width":1000,"height":700},{"@type":"BreadcrumbList","@id":"https:\/\/cmf-inc.ca\/produit\/266\/#breadcrumb","itemListElement":[{"@type":"ListItem","position":1,"name":"Accueil","item":"https:\/\/cmf-inc.ca\/"},{"@type":"ListItem","position":2,"name":"Boutique","item":"http:\/\/cmf-inc.ca\/en\/boutique\/"},{"@type":"ListItem","position":3,"name":"#266"}]},{"@type":"WebSite","@id":"https:\/\/cmf-inc.ca\/#website","url":"https:\/\/cmf-inc.ca\/","name":"Mobilier | Canadian Metal Fashion Inc. | Compagnie Canadienne de M\u00e9tal Forg\u00e9 inc.","description":"R\u00e9sidence | H\u00f4tel | Soins de sant\u00e9 | Restaurant | Bureau","publisher":{"@id":"https:\/\/cmf-inc.ca\/#organization"},"potentialAction":[{"@type":"SearchAction","target":{"@type":"EntryPoint","urlTemplate":"https:\/\/cmf-inc.ca\/?s={search_term_string}"},"query-input":{"@type":"PropertyValueSpecification","valueRequired":true,"valueName":"search_term_string"}}],"inLanguage":"en-CA"},{"@type":"Organization","@id":"https:\/\/cmf-inc.ca\/#organization","name":"Compagnie Canadienne de M\u00e9tal Forg\u00e9 Inc.","url":"https:\/\/cmf-inc.ca\/","logo":{"@type":"ImageObject","inLanguage":"en-CA","@id":"https:\/\/cmf-inc.ca\/#\/schema\/logo\/image\/","url":"https:\/\/cmf-inc.ca\/wp-content\/uploads\/2021\/06\/cmf-inc-logo.png","contentUrl":"https:\/\/cmf-inc.ca\/wp-content\/uploads\/2021\/06\/cmf-inc-logo.png","width":450,"height":139,"caption":"Compagnie Canadienne de M\u00e9tal Forg\u00e9 Inc."},"image":{"@id":"https:\/\/cmf-inc.ca\/#\/schema\/logo\/image\/"}}]}},"_links":{"self":[{"href":"https:\/\/cmf-inc.ca\/en\/wp-json\/wp\/v2\/product\/2065","targetHints":{"allow":["GET"]}}],"collection":[{"href":"https:\/\/cmf-inc.ca\/en\/wp-json\/wp\/v2\/product"}],"about":[{"href":"https:\/\/cmf-inc.ca\/en\/wp-json\/wp\/v2\/types\/product"}],"replies":[{"embeddable":true,"href":"https:\/\/cmf-inc.ca\/en\/wp-json\/wp\/v2\/comments?post=2065"}],"version-history":[{"count":0,"href":"https:\/\/cmf-inc.ca\/en\/wp-json\/wp\/v2\/product\/2065\/revisions"}],"wp:featuredmedia":[{"embeddable":true,"href":"https:\/\/cmf-inc.ca\/en\/wp-json\/wp\/v2\/media\/2051"}],"wp:attachment":[{"href":"https:\/\/cmf-inc.ca\/en\/wp-json\/wp\/v2\/media?parent=2065"}],"wp:term":[{"taxonomy":"product_brand","embeddable":true,"href":"https:\/\/cmf-inc.ca\/en\/wp-json\/wp\/v2\/product_brand?post=2065"},{"taxonomy":"product_cat","embeddable":true,"href":"https:\/\/cmf-inc.ca\/en\/wp-json\/wp\/v2\/product_cat?post=2065"},{"taxonomy":"product_tag","embeddable":true,"href":"https:\/\/cmf-inc.ca\/en\/wp-json\/wp\/v2\/product_tag?post=2065"}],"curies":[{"name":"wp","href":"https:\/\/api.w.org\/{rel}","templated":true}]}}