{"id":1958,"date":"2011-04-28T09:41:17","date_gmt":"2011-04-28T13:41:17","guid":{"rendered":"https:\/\/cmf-inc.ca\/?post_type=product&#038;p=1958"},"modified":"2021-05-12T10:40:04","modified_gmt":"2021-05-12T14:40:04","slug":"408","status":"publish","type":"product","link":"https:\/\/cmf-inc.ca\/en\/product\/408\/","title":{"rendered":"#408"},"content":{"rendered":"","protected":false},"excerpt":{"rendered":"<p class=\"translation-block\">Bar stool with back<br>\nMemory return swivel<br>\n\u215e\" diameter tube back<br>\n1\" diameter tube legs<br>\nPlastic caps<br>\nSeat height 30\"<br>\nTotal height 45\"<\/p>","protected":false},"featured_media":1839,"comment_status":"closed","ping_status":"closed","template":"","meta":[],"product_brand":[],"product_cat":[53,32],"product_tag":[57,49],"class_list":{"0":"post-1958","1":"product","2":"type-product","3":"status-publish","4":"has-post-thumbnail","6":"product_cat-assises","7":"product_cat-tabourets","8":"product_tag-collection-2011","9":"product_tag-restaurant","11":"first","12":"instock","13":"shipping-taxable","14":"product-type-simple"},"yoast_head":"<!-- This site is optimized with the Yoast SEO plugin v27.4 - https:\/\/yoast.com\/product\/yoast-seo-wordpress\/ -->\n<title>#408 - Mobilier | Canadian Metal Fashion Inc. | Compagnie Canadienne de M\u00e9tal Forg\u00e9 inc.<\/title>\n<meta name=\"robots\" content=\"index, follow, max-snippet:-1, max-image-preview:large, max-video-preview:-1\" \/>\n<link rel=\"canonical\" href=\"https:\/\/cmf-inc.ca\/en\/product\/408\/\" \/>\n<meta property=\"og:locale\" content=\"en_US\" \/>\n<meta property=\"og:type\" content=\"article\" \/>\n<meta property=\"og:title\" content=\"#408 - Mobilier | Canadian Metal Fashion Inc. | Compagnie Canadienne de M\u00e9tal Forg\u00e9 inc.\" \/>\n<meta property=\"og:description\" content=\"Tabouret avec dossier Syst\u00e8me pivotant \u00e0 retour automatique Dossier en tube \u215e\u2033 de diam\u00e8tre Pattes en tube 1&quot; de diam\u00e8tre Sous pattes en plastique Hauteur au si\u00e8ge 30&quot; Hauteur totale 45\u2033\" \/>\n<meta property=\"og:url\" content=\"https:\/\/cmf-inc.ca\/en\/product\/408\/\" \/>\n<meta property=\"og:site_name\" content=\"Mobilier | Canadian Metal Fashion Inc. | Compagnie Canadienne de M\u00e9tal Forg\u00e9 inc.\" \/>\n<meta property=\"article:modified_time\" content=\"2021-05-12T14:40:04+00:00\" \/>\n<meta property=\"og:image\" content=\"https:\/\/cmf-inc.ca\/wp-content\/uploads\/2021\/04\/tabouret-408.jpg\" \/>\n\t<meta property=\"og:image:width\" content=\"1000\" \/>\n\t<meta property=\"og:image:height\" content=\"700\" \/>\n\t<meta property=\"og:image:type\" content=\"image\/jpeg\" \/>\n<meta name=\"twitter:card\" content=\"summary_large_image\" \/>\n<script type=\"application\/ld+json\" class=\"yoast-schema-graph\">{\"@context\":\"https:\\\/\\\/schema.org\",\"@graph\":[{\"@type\":\"WebPage\",\"@id\":\"https:\\\/\\\/cmf-inc.ca\\\/produit\\\/408\\\/\",\"url\":\"https:\\\/\\\/cmf-inc.ca\\\/produit\\\/408\\\/\",\"name\":\"#408 - Mobilier | Canadian Metal Fashion Inc. | Compagnie Canadienne de M\u00e9tal Forg\u00e9 inc.\",\"isPartOf\":{\"@id\":\"https:\\\/\\\/cmf-inc.ca\\\/#website\"},\"primaryImageOfPage\":{\"@id\":\"https:\\\/\\\/cmf-inc.ca\\\/produit\\\/408\\\/#primaryimage\"},\"image\":{\"@id\":\"https:\\\/\\\/cmf-inc.ca\\\/produit\\\/408\\\/#primaryimage\"},\"thumbnailUrl\":\"https:\\\/\\\/cmf-inc.ca\\\/wp-content\\\/uploads\\\/2021\\\/04\\\/tabouret-408.jpg\",\"datePublished\":\"2011-04-28T13:41:17+00:00\",\"dateModified\":\"2021-05-12T14:40:04+00:00\",\"breadcrumb\":{\"@id\":\"https:\\\/\\\/cmf-inc.ca\\\/produit\\\/408\\\/#breadcrumb\"},\"inLanguage\":\"en-CA\",\"potentialAction\":[{\"@type\":\"ReadAction\",\"target\":[\"https:\\\/\\\/cmf-inc.ca\\\/produit\\\/408\\\/\"]}]},{\"@type\":\"ImageObject\",\"inLanguage\":\"en-CA\",\"@id\":\"https:\\\/\\\/cmf-inc.ca\\\/produit\\\/408\\\/#primaryimage\",\"url\":\"https:\\\/\\\/cmf-inc.ca\\\/wp-content\\\/uploads\\\/2021\\\/04\\\/tabouret-408.jpg\",\"contentUrl\":\"https:\\\/\\\/cmf-inc.ca\\\/wp-content\\\/uploads\\\/2021\\\/04\\\/tabouret-408.jpg\",\"width\":1000,\"height\":700},{\"@type\":\"BreadcrumbList\",\"@id\":\"https:\\\/\\\/cmf-inc.ca\\\/produit\\\/408\\\/#breadcrumb\",\"itemListElement\":[{\"@type\":\"ListItem\",\"position\":1,\"name\":\"Accueil\",\"item\":\"https:\\\/\\\/cmf-inc.ca\\\/\"},{\"@type\":\"ListItem\",\"position\":2,\"name\":\"Boutique\",\"item\":\"http:\\\/\\\/cmf-inc.ca\\\/en\\\/boutique\\\/\"},{\"@type\":\"ListItem\",\"position\":3,\"name\":\"#408\"}]},{\"@type\":\"WebSite\",\"@id\":\"https:\\\/\\\/cmf-inc.ca\\\/#website\",\"url\":\"https:\\\/\\\/cmf-inc.ca\\\/\",\"name\":\"Mobilier | Canadian Metal Fashion Inc. | Compagnie Canadienne de M\u00e9tal Forg\u00e9 inc.\",\"description\":\"R\u00e9sidence | H\u00f4tel | Soins de sant\u00e9 | Restaurant | Bureau\",\"publisher\":{\"@id\":\"https:\\\/\\\/cmf-inc.ca\\\/#organization\"},\"potentialAction\":[{\"@type\":\"SearchAction\",\"target\":{\"@type\":\"EntryPoint\",\"urlTemplate\":\"https:\\\/\\\/cmf-inc.ca\\\/?s={search_term_string}\"},\"query-input\":{\"@type\":\"PropertyValueSpecification\",\"valueRequired\":true,\"valueName\":\"search_term_string\"}}],\"inLanguage\":\"en-CA\"},{\"@type\":\"Organization\",\"@id\":\"https:\\\/\\\/cmf-inc.ca\\\/#organization\",\"name\":\"Compagnie Canadienne de M\u00e9tal Forg\u00e9 Inc.\",\"url\":\"https:\\\/\\\/cmf-inc.ca\\\/\",\"logo\":{\"@type\":\"ImageObject\",\"inLanguage\":\"en-CA\",\"@id\":\"https:\\\/\\\/cmf-inc.ca\\\/#\\\/schema\\\/logo\\\/image\\\/\",\"url\":\"https:\\\/\\\/cmf-inc.ca\\\/wp-content\\\/uploads\\\/2021\\\/06\\\/cmf-inc-logo.png\",\"contentUrl\":\"https:\\\/\\\/cmf-inc.ca\\\/wp-content\\\/uploads\\\/2021\\\/06\\\/cmf-inc-logo.png\",\"width\":450,\"height\":139,\"caption\":\"Compagnie Canadienne de M\u00e9tal Forg\u00e9 Inc.\"},\"image\":{\"@id\":\"https:\\\/\\\/cmf-inc.ca\\\/#\\\/schema\\\/logo\\\/image\\\/\"}}]}<\/script>\n<!-- \/ Yoast SEO plugin. -->","yoast_head_json":{"title":"#408 - Mobilier | Canadian Metal Fashion Inc. | Compagnie Canadienne de M\u00e9tal Forg\u00e9 inc.","robots":{"index":"index","follow":"follow","max-snippet":"max-snippet:-1","max-image-preview":"max-image-preview:large","max-video-preview":"max-video-preview:-1"},"canonical":"https:\/\/cmf-inc.ca\/en\/product\/408\/","og_locale":"en_US","og_type":"article","og_title":"#408 - Mobilier | Canadian Metal Fashion Inc. | Compagnie Canadienne de M\u00e9tal Forg\u00e9 inc.","og_description":"Tabouret avec dossier Syst\u00e8me pivotant \u00e0 retour automatique Dossier en tube \u215e\u2033 de diam\u00e8tre Pattes en tube 1\" de diam\u00e8tre Sous pattes en plastique Hauteur au si\u00e8ge 30\" Hauteur totale 45\u2033","og_url":"https:\/\/cmf-inc.ca\/en\/product\/408\/","og_site_name":"Mobilier | Canadian Metal Fashion Inc. | Compagnie Canadienne de M\u00e9tal Forg\u00e9 inc.","article_modified_time":"2021-05-12T14:40:04+00:00","og_image":[{"width":1000,"height":700,"url":"https:\/\/cmf-inc.ca\/wp-content\/uploads\/2021\/04\/tabouret-408.jpg","type":"image\/jpeg"}],"twitter_card":"summary_large_image","schema":{"@context":"https:\/\/schema.org","@graph":[{"@type":"WebPage","@id":"https:\/\/cmf-inc.ca\/produit\/408\/","url":"https:\/\/cmf-inc.ca\/produit\/408\/","name":"#408 - Mobilier | Canadian Metal Fashion Inc. | Compagnie Canadienne de M\u00e9tal Forg\u00e9 inc.","isPartOf":{"@id":"https:\/\/cmf-inc.ca\/#website"},"primaryImageOfPage":{"@id":"https:\/\/cmf-inc.ca\/produit\/408\/#primaryimage"},"image":{"@id":"https:\/\/cmf-inc.ca\/produit\/408\/#primaryimage"},"thumbnailUrl":"https:\/\/cmf-inc.ca\/wp-content\/uploads\/2021\/04\/tabouret-408.jpg","datePublished":"2011-04-28T13:41:17+00:00","dateModified":"2021-05-12T14:40:04+00:00","breadcrumb":{"@id":"https:\/\/cmf-inc.ca\/produit\/408\/#breadcrumb"},"inLanguage":"en-CA","potentialAction":[{"@type":"ReadAction","target":["https:\/\/cmf-inc.ca\/produit\/408\/"]}]},{"@type":"ImageObject","inLanguage":"en-CA","@id":"https:\/\/cmf-inc.ca\/produit\/408\/#primaryimage","url":"https:\/\/cmf-inc.ca\/wp-content\/uploads\/2021\/04\/tabouret-408.jpg","contentUrl":"https:\/\/cmf-inc.ca\/wp-content\/uploads\/2021\/04\/tabouret-408.jpg","width":1000,"height":700},{"@type":"BreadcrumbList","@id":"https:\/\/cmf-inc.ca\/produit\/408\/#breadcrumb","itemListElement":[{"@type":"ListItem","position":1,"name":"Accueil","item":"https:\/\/cmf-inc.ca\/"},{"@type":"ListItem","position":2,"name":"Boutique","item":"http:\/\/cmf-inc.ca\/en\/boutique\/"},{"@type":"ListItem","position":3,"name":"#408"}]},{"@type":"WebSite","@id":"https:\/\/cmf-inc.ca\/#website","url":"https:\/\/cmf-inc.ca\/","name":"Mobilier | Canadian Metal Fashion Inc. | Compagnie Canadienne de M\u00e9tal Forg\u00e9 inc.","description":"R\u00e9sidence | H\u00f4tel | Soins de sant\u00e9 | Restaurant | Bureau","publisher":{"@id":"https:\/\/cmf-inc.ca\/#organization"},"potentialAction":[{"@type":"SearchAction","target":{"@type":"EntryPoint","urlTemplate":"https:\/\/cmf-inc.ca\/?s={search_term_string}"},"query-input":{"@type":"PropertyValueSpecification","valueRequired":true,"valueName":"search_term_string"}}],"inLanguage":"en-CA"},{"@type":"Organization","@id":"https:\/\/cmf-inc.ca\/#organization","name":"Compagnie Canadienne de M\u00e9tal Forg\u00e9 Inc.","url":"https:\/\/cmf-inc.ca\/","logo":{"@type":"ImageObject","inLanguage":"en-CA","@id":"https:\/\/cmf-inc.ca\/#\/schema\/logo\/image\/","url":"https:\/\/cmf-inc.ca\/wp-content\/uploads\/2021\/06\/cmf-inc-logo.png","contentUrl":"https:\/\/cmf-inc.ca\/wp-content\/uploads\/2021\/06\/cmf-inc-logo.png","width":450,"height":139,"caption":"Compagnie Canadienne de M\u00e9tal Forg\u00e9 Inc."},"image":{"@id":"https:\/\/cmf-inc.ca\/#\/schema\/logo\/image\/"}}]}},"_links":{"self":[{"href":"https:\/\/cmf-inc.ca\/en\/wp-json\/wp\/v2\/product\/1958","targetHints":{"allow":["GET"]}}],"collection":[{"href":"https:\/\/cmf-inc.ca\/en\/wp-json\/wp\/v2\/product"}],"about":[{"href":"https:\/\/cmf-inc.ca\/en\/wp-json\/wp\/v2\/types\/product"}],"replies":[{"embeddable":true,"href":"https:\/\/cmf-inc.ca\/en\/wp-json\/wp\/v2\/comments?post=1958"}],"version-history":[{"count":0,"href":"https:\/\/cmf-inc.ca\/en\/wp-json\/wp\/v2\/product\/1958\/revisions"}],"wp:featuredmedia":[{"embeddable":true,"href":"https:\/\/cmf-inc.ca\/en\/wp-json\/wp\/v2\/media\/1839"}],"wp:attachment":[{"href":"https:\/\/cmf-inc.ca\/en\/wp-json\/wp\/v2\/media?parent=1958"}],"wp:term":[{"taxonomy":"product_brand","embeddable":true,"href":"https:\/\/cmf-inc.ca\/en\/wp-json\/wp\/v2\/product_brand?post=1958"},{"taxonomy":"product_cat","embeddable":true,"href":"https:\/\/cmf-inc.ca\/en\/wp-json\/wp\/v2\/product_cat?post=1958"},{"taxonomy":"product_tag","embeddable":true,"href":"https:\/\/cmf-inc.ca\/en\/wp-json\/wp\/v2\/product_tag?post=1958"}],"curies":[{"name":"wp","href":"https:\/\/api.w.org\/{rel}","templated":true}]}}