{"id":1452,"date":"2014-04-10T12:32:17","date_gmt":"2014-04-10T16:32:17","guid":{"rendered":"https:\/\/cmf-inc.ca\/?post_type=product&#038;p=1452"},"modified":"2021-05-12T09:25:44","modified_gmt":"2021-05-12T13:25:44","slug":"sl63","status":"publish","type":"product","link":"https:\/\/cmf-inc.ca\/en\/product\/sl63\/","title":{"rendered":"#SL63"},"content":{"rendered":"","protected":false},"excerpt":{"rendered":"<p class=\"translation-block\">Triangular base<br>\n3'' diameter tube 16GA<br>\n16GA sheet metal<br>\nTotal height 28 1\/4 ''<\/p>\n<p class=\"translation-block\">Shapes available for table tops<br>\n(boat - racetrack - oval - rectangular)<br>\nIn melamine 48''x96'' x1''<br>\nIn standard formica mat finish 48''x96''x 1 1\/8'' &amp; 48''x96''x 1 1\/2''<\/p>","protected":false},"featured_media":1381,"comment_status":"closed","ping_status":"closed","template":"","meta":[],"product_brand":[],"product_cat":[39,37],"product_tag":[50,58],"class_list":{"0":"post-1452","1":"product","2":"type-product","3":"status-publish","4":"has-post-thumbnail","6":"product_cat-table-de-conference","7":"product_cat-tables-et-finis","8":"product_tag-bureau","9":"product_tag-collection-2014","11":"first","12":"instock","13":"shipping-taxable","14":"product-type-simple"},"yoast_head":"<!-- This site is optimized with the Yoast SEO plugin v27.4 - https:\/\/yoast.com\/product\/yoast-seo-wordpress\/ -->\n<title>#SL63 - Mobilier | Canadian Metal Fashion Inc. | Compagnie Canadienne de M\u00e9tal Forg\u00e9 inc.<\/title>\n<meta name=\"robots\" content=\"index, follow, max-snippet:-1, max-image-preview:large, max-video-preview:-1\" \/>\n<link rel=\"canonical\" href=\"https:\/\/cmf-inc.ca\/en\/product\/sl63\/\" \/>\n<meta property=\"og:locale\" content=\"en_US\" \/>\n<meta property=\"og:type\" content=\"article\" \/>\n<meta property=\"og:title\" content=\"#SL63 - Mobilier | Canadian Metal Fashion Inc. | Compagnie Canadienne de M\u00e9tal Forg\u00e9 inc.\" \/>\n<meta property=\"og:description\" content=\"Base triangulaire Structure en tube 3&quot; de diam\u00e8tre 16GA Feuille de m\u00e9tal 16GA Hauteur totale 28\u00bc\u2033  Dessus de table avec forme disponible (Bateau \u2013 Racetrack - Ovale - Rectangulaire et Ellipse) En m\u00e9lamine 48&quot; x 96&quot; x 1&quot; En Formica standard fini mat 48&quot; x 96&quot; x 1 1\/8&quot; et 48&quot; x 96&quot; x 1\u00bd\u2033\" \/>\n<meta property=\"og:url\" content=\"https:\/\/cmf-inc.ca\/en\/product\/sl63\/\" \/>\n<meta property=\"og:site_name\" content=\"Mobilier | Canadian Metal Fashion Inc. | Compagnie Canadienne de M\u00e9tal Forg\u00e9 inc.\" \/>\n<meta property=\"article:modified_time\" content=\"2021-05-12T13:25:44+00:00\" \/>\n<meta property=\"og:image\" content=\"https:\/\/cmf-inc.ca\/wp-content\/uploads\/2021\/04\/base-table-sl63.jpg\" \/>\n\t<meta property=\"og:image:width\" content=\"1000\" \/>\n\t<meta property=\"og:image:height\" content=\"700\" \/>\n\t<meta property=\"og:image:type\" content=\"image\/jpeg\" \/>\n<meta name=\"twitter:card\" content=\"summary_large_image\" \/>\n<script type=\"application\/ld+json\" class=\"yoast-schema-graph\">{\"@context\":\"https:\\\/\\\/schema.org\",\"@graph\":[{\"@type\":\"WebPage\",\"@id\":\"https:\\\/\\\/cmf-inc.ca\\\/produit\\\/sl63\\\/\",\"url\":\"https:\\\/\\\/cmf-inc.ca\\\/produit\\\/sl63\\\/\",\"name\":\"#SL63 - Mobilier | Canadian Metal Fashion Inc. | Compagnie Canadienne de M\u00e9tal Forg\u00e9 inc.\",\"isPartOf\":{\"@id\":\"https:\\\/\\\/cmf-inc.ca\\\/#website\"},\"primaryImageOfPage\":{\"@id\":\"https:\\\/\\\/cmf-inc.ca\\\/produit\\\/sl63\\\/#primaryimage\"},\"image\":{\"@id\":\"https:\\\/\\\/cmf-inc.ca\\\/produit\\\/sl63\\\/#primaryimage\"},\"thumbnailUrl\":\"https:\\\/\\\/cmf-inc.ca\\\/wp-content\\\/uploads\\\/2021\\\/04\\\/base-table-sl63.jpg\",\"datePublished\":\"2014-04-10T16:32:17+00:00\",\"dateModified\":\"2021-05-12T13:25:44+00:00\",\"breadcrumb\":{\"@id\":\"https:\\\/\\\/cmf-inc.ca\\\/produit\\\/sl63\\\/#breadcrumb\"},\"inLanguage\":\"en-CA\",\"potentialAction\":[{\"@type\":\"ReadAction\",\"target\":[\"https:\\\/\\\/cmf-inc.ca\\\/produit\\\/sl63\\\/\"]}]},{\"@type\":\"ImageObject\",\"inLanguage\":\"en-CA\",\"@id\":\"https:\\\/\\\/cmf-inc.ca\\\/produit\\\/sl63\\\/#primaryimage\",\"url\":\"https:\\\/\\\/cmf-inc.ca\\\/wp-content\\\/uploads\\\/2021\\\/04\\\/base-table-sl63.jpg\",\"contentUrl\":\"https:\\\/\\\/cmf-inc.ca\\\/wp-content\\\/uploads\\\/2021\\\/04\\\/base-table-sl63.jpg\",\"width\":1000,\"height\":700},{\"@type\":\"BreadcrumbList\",\"@id\":\"https:\\\/\\\/cmf-inc.ca\\\/produit\\\/sl63\\\/#breadcrumb\",\"itemListElement\":[{\"@type\":\"ListItem\",\"position\":1,\"name\":\"Accueil\",\"item\":\"https:\\\/\\\/cmf-inc.ca\\\/\"},{\"@type\":\"ListItem\",\"position\":2,\"name\":\"Boutique\",\"item\":\"http:\\\/\\\/cmf-inc.ca\\\/en\\\/boutique\\\/\"},{\"@type\":\"ListItem\",\"position\":3,\"name\":\"#SL63\"}]},{\"@type\":\"WebSite\",\"@id\":\"https:\\\/\\\/cmf-inc.ca\\\/#website\",\"url\":\"https:\\\/\\\/cmf-inc.ca\\\/\",\"name\":\"Mobilier | Canadian Metal Fashion Inc. | Compagnie Canadienne de M\u00e9tal Forg\u00e9 inc.\",\"description\":\"R\u00e9sidence | H\u00f4tel | Soins de sant\u00e9 | Restaurant | Bureau\",\"publisher\":{\"@id\":\"https:\\\/\\\/cmf-inc.ca\\\/#organization\"},\"potentialAction\":[{\"@type\":\"SearchAction\",\"target\":{\"@type\":\"EntryPoint\",\"urlTemplate\":\"https:\\\/\\\/cmf-inc.ca\\\/?s={search_term_string}\"},\"query-input\":{\"@type\":\"PropertyValueSpecification\",\"valueRequired\":true,\"valueName\":\"search_term_string\"}}],\"inLanguage\":\"en-CA\"},{\"@type\":\"Organization\",\"@id\":\"https:\\\/\\\/cmf-inc.ca\\\/#organization\",\"name\":\"Compagnie Canadienne de M\u00e9tal Forg\u00e9 Inc.\",\"url\":\"https:\\\/\\\/cmf-inc.ca\\\/\",\"logo\":{\"@type\":\"ImageObject\",\"inLanguage\":\"en-CA\",\"@id\":\"https:\\\/\\\/cmf-inc.ca\\\/#\\\/schema\\\/logo\\\/image\\\/\",\"url\":\"https:\\\/\\\/cmf-inc.ca\\\/wp-content\\\/uploads\\\/2021\\\/06\\\/cmf-inc-logo.png\",\"contentUrl\":\"https:\\\/\\\/cmf-inc.ca\\\/wp-content\\\/uploads\\\/2021\\\/06\\\/cmf-inc-logo.png\",\"width\":450,\"height\":139,\"caption\":\"Compagnie Canadienne de M\u00e9tal Forg\u00e9 Inc.\"},\"image\":{\"@id\":\"https:\\\/\\\/cmf-inc.ca\\\/#\\\/schema\\\/logo\\\/image\\\/\"}}]}<\/script>\n<!-- \/ Yoast SEO plugin. -->","yoast_head_json":{"title":"#SL63 - Mobilier | Canadian Metal Fashion Inc. | Compagnie Canadienne de M\u00e9tal Forg\u00e9 inc.","robots":{"index":"index","follow":"follow","max-snippet":"max-snippet:-1","max-image-preview":"max-image-preview:large","max-video-preview":"max-video-preview:-1"},"canonical":"https:\/\/cmf-inc.ca\/en\/product\/sl63\/","og_locale":"en_US","og_type":"article","og_title":"#SL63 - Mobilier | Canadian Metal Fashion Inc. | Compagnie Canadienne de M\u00e9tal Forg\u00e9 inc.","og_description":"Base triangulaire Structure en tube 3\" de diam\u00e8tre 16GA Feuille de m\u00e9tal 16GA Hauteur totale 28\u00bc\u2033  Dessus de table avec forme disponible (Bateau \u2013 Racetrack - Ovale - Rectangulaire et Ellipse) En m\u00e9lamine 48\" x 96\" x 1\" En Formica standard fini mat 48\" x 96\" x 1 1\/8\" et 48\" x 96\" x 1\u00bd\u2033","og_url":"https:\/\/cmf-inc.ca\/en\/product\/sl63\/","og_site_name":"Mobilier | Canadian Metal Fashion Inc. | Compagnie Canadienne de M\u00e9tal Forg\u00e9 inc.","article_modified_time":"2021-05-12T13:25:44+00:00","og_image":[{"width":1000,"height":700,"url":"https:\/\/cmf-inc.ca\/wp-content\/uploads\/2021\/04\/base-table-sl63.jpg","type":"image\/jpeg"}],"twitter_card":"summary_large_image","schema":{"@context":"https:\/\/schema.org","@graph":[{"@type":"WebPage","@id":"https:\/\/cmf-inc.ca\/produit\/sl63\/","url":"https:\/\/cmf-inc.ca\/produit\/sl63\/","name":"#SL63 - Mobilier | Canadian Metal Fashion Inc. | Compagnie Canadienne de M\u00e9tal Forg\u00e9 inc.","isPartOf":{"@id":"https:\/\/cmf-inc.ca\/#website"},"primaryImageOfPage":{"@id":"https:\/\/cmf-inc.ca\/produit\/sl63\/#primaryimage"},"image":{"@id":"https:\/\/cmf-inc.ca\/produit\/sl63\/#primaryimage"},"thumbnailUrl":"https:\/\/cmf-inc.ca\/wp-content\/uploads\/2021\/04\/base-table-sl63.jpg","datePublished":"2014-04-10T16:32:17+00:00","dateModified":"2021-05-12T13:25:44+00:00","breadcrumb":{"@id":"https:\/\/cmf-inc.ca\/produit\/sl63\/#breadcrumb"},"inLanguage":"en-CA","potentialAction":[{"@type":"ReadAction","target":["https:\/\/cmf-inc.ca\/produit\/sl63\/"]}]},{"@type":"ImageObject","inLanguage":"en-CA","@id":"https:\/\/cmf-inc.ca\/produit\/sl63\/#primaryimage","url":"https:\/\/cmf-inc.ca\/wp-content\/uploads\/2021\/04\/base-table-sl63.jpg","contentUrl":"https:\/\/cmf-inc.ca\/wp-content\/uploads\/2021\/04\/base-table-sl63.jpg","width":1000,"height":700},{"@type":"BreadcrumbList","@id":"https:\/\/cmf-inc.ca\/produit\/sl63\/#breadcrumb","itemListElement":[{"@type":"ListItem","position":1,"name":"Accueil","item":"https:\/\/cmf-inc.ca\/"},{"@type":"ListItem","position":2,"name":"Boutique","item":"http:\/\/cmf-inc.ca\/en\/boutique\/"},{"@type":"ListItem","position":3,"name":"#SL63"}]},{"@type":"WebSite","@id":"https:\/\/cmf-inc.ca\/#website","url":"https:\/\/cmf-inc.ca\/","name":"Mobilier | Canadian Metal Fashion Inc. | Compagnie Canadienne de M\u00e9tal Forg\u00e9 inc.","description":"R\u00e9sidence | H\u00f4tel | Soins de sant\u00e9 | Restaurant | Bureau","publisher":{"@id":"https:\/\/cmf-inc.ca\/#organization"},"potentialAction":[{"@type":"SearchAction","target":{"@type":"EntryPoint","urlTemplate":"https:\/\/cmf-inc.ca\/?s={search_term_string}"},"query-input":{"@type":"PropertyValueSpecification","valueRequired":true,"valueName":"search_term_string"}}],"inLanguage":"en-CA"},{"@type":"Organization","@id":"https:\/\/cmf-inc.ca\/#organization","name":"Compagnie Canadienne de M\u00e9tal Forg\u00e9 Inc.","url":"https:\/\/cmf-inc.ca\/","logo":{"@type":"ImageObject","inLanguage":"en-CA","@id":"https:\/\/cmf-inc.ca\/#\/schema\/logo\/image\/","url":"https:\/\/cmf-inc.ca\/wp-content\/uploads\/2021\/06\/cmf-inc-logo.png","contentUrl":"https:\/\/cmf-inc.ca\/wp-content\/uploads\/2021\/06\/cmf-inc-logo.png","width":450,"height":139,"caption":"Compagnie Canadienne de M\u00e9tal Forg\u00e9 Inc."},"image":{"@id":"https:\/\/cmf-inc.ca\/#\/schema\/logo\/image\/"}}]}},"_links":{"self":[{"href":"https:\/\/cmf-inc.ca\/en\/wp-json\/wp\/v2\/product\/1452","targetHints":{"allow":["GET"]}}],"collection":[{"href":"https:\/\/cmf-inc.ca\/en\/wp-json\/wp\/v2\/product"}],"about":[{"href":"https:\/\/cmf-inc.ca\/en\/wp-json\/wp\/v2\/types\/product"}],"replies":[{"embeddable":true,"href":"https:\/\/cmf-inc.ca\/en\/wp-json\/wp\/v2\/comments?post=1452"}],"version-history":[{"count":0,"href":"https:\/\/cmf-inc.ca\/en\/wp-json\/wp\/v2\/product\/1452\/revisions"}],"wp:featuredmedia":[{"embeddable":true,"href":"https:\/\/cmf-inc.ca\/en\/wp-json\/wp\/v2\/media\/1381"}],"wp:attachment":[{"href":"https:\/\/cmf-inc.ca\/en\/wp-json\/wp\/v2\/media?parent=1452"}],"wp:term":[{"taxonomy":"product_brand","embeddable":true,"href":"https:\/\/cmf-inc.ca\/en\/wp-json\/wp\/v2\/product_brand?post=1452"},{"taxonomy":"product_cat","embeddable":true,"href":"https:\/\/cmf-inc.ca\/en\/wp-json\/wp\/v2\/product_cat?post=1452"},{"taxonomy":"product_tag","embeddable":true,"href":"https:\/\/cmf-inc.ca\/en\/wp-json\/wp\/v2\/product_tag?post=1452"}],"curies":[{"name":"wp","href":"https:\/\/api.w.org\/{rel}","templated":true}]}}